{"id":263,"date":"2025-12-12T21:43:31","date_gmt":"2025-12-12T21:43:31","guid":{"rendered":"https:\/\/flotium.com\/?page_id=263"},"modified":"2026-01-13T14:11:02","modified_gmt":"2026-01-13T14:11:02","slug":"contacto","status":"publish","type":"page","link":"https:\/\/flotium.com\/index.php\/contacto\/","title":{"rendered":"Contacto"},"content":{"rendered":"\t\t<div data-elementor-type=\"wp-page\" data-elementor-id=\"263\" class=\"elementor elementor-263\">\n\t\t\t\t\t\t<section class=\"has_ae_slider elementor-section elementor-top-section elementor-element elementor-element-5cdbdb19 elementor-section-height-min-height elementor-section-boxed elementor-section-height-default elementor-section-items-middle ae-bg-gallery-type-default\" data-id=\"5cdbdb19\" data-element_type=\"section\" data-settings=\"{&quot;background_background&quot;:&quot;classic&quot;,&quot;background_image&quot;:{&quot;url&quot;:&quot;https:\\\/\\\/flotium.com\\\/wp-content\\\/uploads\\\/2025\\\/12\\\/banner-bg-1.jpg&quot;,&quot;id&quot;:265,&quot;size&quot;:&quot;&quot;}}\">\n\t\t\t\t\t\t\t<div class=\"elementor-background-overlay\"><\/div>\n\t\t\t\t\t\t\t<div class=\"elementor-container elementor-column-gap-default\">\n\t\t\t\t\t<div class=\"has_ae_slider elementor-column elementor-col-100 elementor-top-column elementor-element elementor-element-485c1750 ae-bg-gallery-type-default\" data-id=\"485c1750\" data-element_type=\"column\">\n\t\t\t<div class=\"elementor-widget-wrap elementor-element-populated\">\n\t\t\t\t\t\t<div class=\"elementor-element elementor-element-22965194 elementor-widget elementor-widget-elementskit-heading\" data-id=\"22965194\" data-element_type=\"widget\" data-widget_type=\"elementskit-heading.default\">\n\t\t\t\t\t<div class=\"ekit-wid-con\" ><div class=\"ekit-heading elementskit-section-title-wraper text_center   ekit_heading_tablet-text_center   ekit_heading_mobile-text_center\"><h2 class=\"ekit-heading--title elementskit-section-title \">Contacto<\/h2><\/div><\/div>\t\t\t\t<\/div>\n\t\t\t\t<div class=\"elementor-element elementor-element-8e148dc elementor-widget elementor-widget-text-editor\" data-id=\"8e148dc\" data-element_type=\"widget\" data-widget_type=\"text-editor.default\">\n\t\t\t\t\t\t\t\t\t<p>Optimiza la gesti\u00f3n de tu flota con Profleeti.<br \/>Ahorra hasta un 20 % en tus costos operativos y mejora la eficiencia general de tu flota.<\/p>\t\t\t\t\t\t\t\t<\/div>\n\t\t\t\t\t<\/div>\n\t\t<\/div>\n\t\t\t\t\t<\/div>\n\t\t<\/section>\n\t\t\t\t<section class=\"has_ae_slider elementor-section elementor-top-section elementor-element elementor-element-1798cee9 elementor-section-boxed elementor-section-height-default elementor-section-height-default ae-bg-gallery-type-default\" data-id=\"1798cee9\" data-element_type=\"section\">\n\t\t\t\t\t\t<div class=\"elementor-container elementor-column-gap-default\">\n\t\t\t\t\t<div class=\"has_ae_slider elementor-column elementor-col-50 elementor-top-column elementor-element elementor-element-36306fe1 ae-bg-gallery-type-default\" data-id=\"36306fe1\" data-element_type=\"column\">\n\t\t\t<div class=\"elementor-widget-wrap elementor-element-populated\">\n\t\t\t\t\t\t<div class=\"elementor-element elementor-element-4918e5b elementor-widget elementor-widget-heading\" data-id=\"4918e5b\" data-element_type=\"widget\" data-widget_type=\"heading.default\">\n\t\t\t\t\t<h2 class=\"elementor-heading-title elementor-size-default\">Cont\u00e1ctanos<\/h2>\t\t\t\t<\/div>\n\t\t<div class=\"has_ae_slider elementor-element elementor-element-ee6e57b e-flex e-con-boxed ae-bg-gallery-type-default e-con e-parent\" data-id=\"ee6e57b\" data-element_type=\"container\">\n\t\t\t\t\t<div class=\"e-con-inner\">\n\t\t<div class=\"has_ae_slider elementor-element elementor-element-76237c3 e-con-full e-flex ae-bg-gallery-type-default e-con e-child\" data-id=\"76237c3\" data-element_type=\"container\">\n\t\t\t\t<div class=\"elementor-element elementor-element-1488d1f elementor-widget__width-inherit ekit-equal-height-disable elementor-widget elementor-widget-elementskit-icon-box\" data-id=\"1488d1f\" data-element_type=\"widget\" data-widget_type=\"elementskit-icon-box.default\">\n\t\t\t\t\t<div class=\"ekit-wid-con\" >        <!-- link opening -->\n                <a href=\"#\" class=\"ekit_global_links\">\n                <!-- end link opening -->\n\n        <div class=\"elementskit-infobox text- text-left icon-lef-right-aligin elementor-animation- media  \">\n                    <div class=\"elementskit-box-header elementor-animation-\">\n                <div class=\"elementskit-info-box-icon  text-center\">\n                    <svg class=\"elementkit-infobox-icon ekit-svg-icon icon-email\" viewBox=\"0 0 32 32\" xmlns=\"http:\/\/www.w3.org\/2000\/svg\"><path d=\"M31.763 13.855l0-0-4.086-2.709v-9.055c0-0.293-0.237-0.53-0.53-0.53h-22.294c-0.293 0-0.53 0.237-0.53 0.53v9.055l-4.085 2.708c-0.143 0.095-0.237 0.257-0.237 0.442v16.413c0 0.293 0.237 0.53 0.53 0.53h30.94c0.293 0 0.53-0.237 0.53-0.53v-16.413c0-0.184-0.094-0.347-0.237-0.442zM4.323 15.708l-1.662-0.882h1.662v0.882zM1.060 15.177l12.188 6.465-12.188 8.079v-14.544zM16 21.090l13.712 9.089h-27.423l13.712-9.089zM18.752 21.643l12.188-6.465v14.544l-12.188-8.079zM27.677 14.826h1.663l-1.663 0.882v-0.882zM29.711 13.766h-2.035v-1.349l2.035 1.349zM26.617 2.621v13.65l-8.87 4.705-1.454-0.964c-0.177-0.118-0.408-0.118-0.586 0l-1.454 0.964-8.871-4.706v-13.649h21.234zM4.323 13.766h-2.034l2.034-1.348v1.348zM16 15.499h4.223c0.293 0 0.53-0.237 0.53-0.53s-0.237-0.53-0.53-0.53h-4.223c-2.036 0-3.693-1.656-3.693-3.693v-0.156c0-2.036 1.656-3.693 3.693-3.693s3.693 1.656 3.693 3.693v0.391c0 0.441-0.359 0.799-0.799 0.799s-0.799-0.359-0.799-0.799v-0.743c0-1.262-1.027-2.289-2.289-2.289s-2.289 1.027-2.289 2.289c0 1.262 1.027 2.289 2.289 2.289 0.577 0 1.105-0.215 1.508-0.569 0.328 0.529 0.914 0.882 1.581 0.882 1.025 0 1.859-0.834 1.859-1.859v-0.391c0-2.621-2.132-4.753-4.753-4.753s-4.753 2.132-4.753 4.753v0.156c0 2.621 2.132 4.753 4.753 4.753zM15.804 11.468c-0.678 0-1.229-0.551-1.229-1.229s0.552-1.229 1.229-1.229 1.229 0.552 1.229 1.229-0.551 1.229-1.229 1.229z\"><\/path><\/svg>\n                <\/div>\n          <\/div>\n                        <div class=\"box-body\">\n                            <h3 class=\"elementskit-info-box-title\">\n                    Correo electr\u00f3nico                  <\/h3>\n                        \t\t  \t<p> contacto@flotium.com<\/p>\n                                <\/div>\n        \n        \n                <\/div>\n                <\/a>\n        <\/div>\t\t\t\t<\/div>\n\t\t\t\t<\/div>\n\t\t<div class=\"has_ae_slider elementor-element elementor-element-2facbd5 e-con-full e-flex ae-bg-gallery-type-default e-con e-child\" data-id=\"2facbd5\" data-element_type=\"container\">\n\t\t\t\t<div class=\"elementor-element elementor-element-9f210dc ekit-equal-height-disable elementor-widget elementor-widget-elementskit-icon-box\" data-id=\"9f210dc\" data-element_type=\"widget\" data-widget_type=\"elementskit-icon-box.default\">\n\t\t\t\t\t<div class=\"ekit-wid-con\" >        <!-- link opening -->\n                <a href=\"#\" class=\"ekit_global_links\">\n                <!-- end link opening -->\n\n        <div class=\"elementskit-infobox text- text-left icon-lef-right-aligin elementor-animation- media  \">\n                    <div class=\"elementskit-box-header elementor-animation-\">\n                <div class=\"elementskit-info-box-icon  text-center\">\n                    <svg class=\"elementkit-infobox-icon ekit-svg-icon icon-phone-call1\" viewBox=\"0 0 32 32\" xmlns=\"http:\/\/www.w3.org\/2000\/svg\"><path d=\"M30.785 25.435l-6.27-6.27c-0.748-0.748-1.966-0.748-2.715 0l-1.631 1.631c-0.511 0.511-0.672 1.24-0.486 1.89l-0.615 0.615c-0 0-0 0-0 0-0.437 0.437-3.158-0.234-6.447-3.523s-3.96-6.009-3.523-6.446c0-0 0-0 0-0l0.616-0.616c0.174 0.050 0.353 0.075 0.533 0.075 0.492 0 0.983-0.187 1.357-0.561l1.63-1.63c0.748-0.748 0.748-1.966 0-2.715l-6.27-6.27c-0.362-0.363-0.845-0.562-1.357-0.562s-0.995 0.2-1.357 0.562l-1.631 1.631c-0.511 0.511-0.672 1.24-0.486 1.89 0 0-0.522 0.527-0.547 0.56-1.735 1.928-2.060 4.964-0.91 8.593 1.126 3.554 3.554 7.318 6.835 10.6s7.046 5.709 10.6 6.835c1.427 0.452 2.763 0.676 3.976 0.676 1.988 0 3.646-0.603 4.834-1.791l0.342-0.342c0.171 0.049 0.35 0.076 0.533 0.076 0.513 0 0.995-0.2 1.357-0.562l1.631-1.631c0.748-0.748 0.748-1.966 0-2.715zM5.607 2.972l6.27 6.27-1.63 1.631c0 0-0-0-0.001-0.001l-6.27-6.27 1.631-1.631zM25.564 29.251c-0 0-0 0-0 0-1.381 1.381-3.822 1.609-6.873 0.642-3.266-1.035-6.754-3.295-9.822-6.363s-5.328-6.556-6.363-9.822c-0.967-3.051-0.739-5.492 0.642-6.873l0.173-0.173 4.866 4.866-0.446 0.446c-0 0-0.001 0.001-0.001 0.001-1.849 1.851 0.373 6.009 3.524 9.16 2.358 2.358 5.281 4.196 7.378 4.196 0.705 0 1.317-0.208 1.783-0.674 0-0 0-0 0-0l0.446-0.446 4.866 4.866-0.173 0.173zM27.797 28.423l-6.27-6.27 1.631-1.631 6.27 6.27c0 0-1.63 1.631-1.631 1.631zM24.301 8.099c-1.826-1.826-4.253-2.831-6.834-2.831-0.53 0-0.96 0.43-0.96 0.96s0.43 0.96 0.96 0.96c2.069-0 4.014 0.806 5.477 2.269s2.268 3.408 2.268 5.476c0 0.53 0.43 0.96 0.96 0.96s0.96-0.43 0.96-0.96c0-2.582-1.005-5.008-2.831-6.834zM27.743 4.657c-2.745-2.745-6.395-4.257-10.277-4.257-0.53 0-0.96 0.43-0.96 0.96s0.43 0.96 0.96 0.96c3.369-0 6.537 1.312 8.919 3.694s3.694 5.55 3.694 8.919c0 0.53 0.43 0.96 0.96 0.96s0.96-0.43 0.96-0.96c0-3.882-1.512-7.532-4.256-10.277zM20.859 11.541c-0.919-0.919-2.092-1.405-3.391-1.405 0 0-0 0-0 0-0.53 0-0.96 0.43-0.96 0.96s0.43 0.96 0.96 0.96c0 0 0 0 0 0 0.79 0 1.475 0.284 2.034 0.843 0.551 0.551 0.843 1.255 0.842 2.034-0 0.53 0.43 0.96 0.96 0.96h0c0.53 0 0.96-0.43 0.96-0.96 0-1.3-0.486-2.472-1.405-3.392z\"><\/path><\/svg>\n                <\/div>\n          <\/div>\n                        <div class=\"box-body\">\n                            <h3 class=\"elementskit-info-box-title\">\n                    Tel\u00e9fono                 <\/h3>\n                        \t\t  \t<p>+1 (971) 435-107<\/p>\n                                <\/div>\n        \n        \n                <\/div>\n                <\/a>\n        <\/div>\t\t\t\t<\/div>\n\t\t\t\t<\/div>\n\t\t\t\t\t<\/div>\n\t\t\t\t<\/div>\n\t\t\t\t<div class=\"elementor-element elementor-element-16e34dd elementor-widget elementor-widget-shortcode\" data-id=\"16e34dd\" data-element_type=\"widget\" data-widget_type=\"shortcode.default\">\n\t\t\t\t\t\t\t<div class=\"elementor-shortcode\"><style type=\"text\/css\">#nex-forms{display:none;}<\/style><div id=\"nf_form_52975\">\r\n\t\t\t\r\n\t\t\t<style type=\"text\/css\">\r\n\t\t\t\r\n\t\t\t\t#nex-forms.newsletter_subscription_-_example_2 .nf-loader-lds-spinner div:after {background: #40C4FF; }\r\n\t\t\t\t#nex-forms.newsletter_subscription_-_example_2 .nf-loader-lds-grid div {background: #40C4FF; }\r\n\t\t\t\t#nex-forms.newsletter_subscription_-_example_2 .nf-loader-lds-ellipsis div { background: #40C4FF;}\r\n\t\t\t\t#nex-forms.newsletter_subscription_-_example_2 .nf-loader-lds-default div {background: #40C4FF;}\r\n\t\t\t\t#nex-forms.newsletter_subscription_-_example_2 .nf-loader-lds-roller div:after {background: #40C4FF;}\r\n\t\t\t\t#nex-forms.newsletter_subscription_-_example_2 .nf-loader-lds-heart div,\r\n\t\t\t\t#nex-forms.newsletter_subscription_-_example_2 .nf-loader-lds-heart div:after,\r\n\t\t\t\t#nex-forms.newsletter_subscription_-_example_2 .nf-loader-lds-heart div:before {background: #40C4FF;}\r\n\t\r\n\t\t\t\t\r\n\t\t\t\t#nex-forms.newsletter_subscription_-_example_2 .nf-loader-lds-facebook div {background: #40C4FF;}\r\n\t\t\t\t#nex-forms.newsletter_subscription_-_example_2 .nf-loader-lds-circle > div {background: #40C4FF;}\r\n\t\t\t\t\r\n\t\t\t\t#nex-forms.newsletter_subscription_-_example_2 .nf-loader-lds-dual-ring:after {border: 6px solid #40C4FF;border-color: #40C4FF transparent #40C4FF transparent;}\r\n\t\t\t\t#nex-forms.newsletter_subscription_-_example_2 .nf-loader-lds-ring div {border: 8px solid #40C4FF;border-color: #40C4FF transparent transparent transparent;}\r\n\t\t\t\t#nex-forms.newsletter_subscription_-_example_2 .nf-loader-lds-hourglass:after {border: 32px solid #40C4FF;border-color: #40C4FF transparent #40C4FF transparent;}\r\n\t\t\t\t#nex-forms.newsletter_subscription_-_example_2 .nf-loader-lds-ripple div {border: 4px solid #40C4FF;}\r\n\t\t\t<\/style>\r\n\t\t\t\r\n\t\t\t\r\n\t\t\t<div id=\"nex-forms\" data-loader=\"ellipsis\" data-msg-hide-form=\"yes\" data-msg-position=\"top\" data-msg-placement=\"outside\"  class=\"nex-forms newsletter_subscription_-_example_2  \"><div class=\"pre_fill_fields\"><\/div><div class=\"set_form_theme theme-light-blue\"><div class=\"nex_success_message msg_top msgv2 animated hidden\" style=\"display:none;\"><div class=\"nex_success_message_container\" style=\"background: #fff;box-shadow: #00000033 0px 7px 16px 0px;border-radius: 4px;padding: 30px;border-color:#ddd\"><div class=\"msg_text\"><div class=\"form_field all_fields icon html_fields wow bounceInUp\" style=\"margin-bottom: 15px\" id=\"_21501\" data-animation-name=\"bounceInUp\">\n\t\t\t\t\t\t\t  <div class=\"edit_mask\"><\/div>\n\t\t\t\t\t\t\t  \n\t\t\t\t\t\t\t\t<div class=\"icon_container_wrapper icon_center\">\n\t\t\t\t\t\t\t\t  <div class=\"icon_container\" id=\"field_container\" style=\"border-width: 0px;background-color: transparent\">\n\t\t\t\t\t\t\t\t\t<div class=\"\">\n\t\t\t\t\t\t\t\t\t  <div class=\"input_container\">\n\t\t\t\t\t\t\t\t\t\t<div class=\"the_input_element icon_element\" style=\"font-size: 50px;color: #8bc34a\"><span class=\"fas fa-check-circle\"><\/span><\/div>\n\t\t\t\t\t\t\t\t\t  <\/div>\n\t\t\t\t\t\t\t\t\t<\/div>\n\t\t\t\t\t\t\t\t  <\/div>\n\t\t\t\t\t\t\t\t  \n\t\t\t\t\t\t\t\t<\/div>\n\t\t\t\t\t\t\t  \n\t\t\t\t\t\t\t<\/div>\n\t\t\t\t\t\t\t<div class=\"form_field all_fields html html_fields wow fadeInDown\" style=\"margin-bottom: 15px\" data-animation-name=\"fadeInDown\" data-wow-delay=\"0.5s\" id=\"_38297\">\n\t\t\t\t\t\t\t  <div class=\"edit_mask\"><\/div>\n\t\t\t\t\t\t\t  \n\t\t\t\t\t\t\t\t<div class=\"row\">\n\t\t\t\t\t\t\t\t  <div class=\"col-sm-12\" id=\"field_container\">\n\t\t\t\t\t\t\t\t\t<div class=\"row\">\n\t\t\t\t\t\t\t\t\t  <div class=\"col-sm-12 input_container\">\n\t\t\t\t\t\t\t\t\t\t<div class=\"the_input_element align_center\" data-math-equation=\"\" data-original-math-equation=\"\" data-decimal-places=\"0\">Gracias por conectarse con nosotros. Le responderemos en breve. <\/div>\n\t\t\t\t\t\t\t\t\t\t<div style=\"clear:both\"><\/div>\n\t\t\t\t\t\t\t\t\t  <\/div>\n\t\t\t\t\t\t\t\t\t<\/div>\n\t\t\t\t\t\t\t\t  <\/div>\n\t\t\t\t\t\t\t\t  \n\t\t\t\t\t\t\t\t<\/div>\n\t\t\t\t\t\t\t  \n\t\t\t\t\t\t\t<\/div><\/div><\/div><\/div><div data-timer-start=\"1\" data-timer-end=\"0\" class=\"inner-canvas-container ui-nex-forms-container ui-nex-forms-container-fe  m_design\" id=\"ui-nex-forms-container-2\"  ><div class=\"current_step\" style=\"display:none;\">1<\/div><div class=\"last_visited_step\" style=\"display:none;\">1<\/div><div class=\"nex-forms-header-footer nex-forms-header timer_inline timer_right no-front-end\"><\/div><div id=\"the_plugin_url\" style=\"display:none;\">https:\/\/flotium.com\/wp-content\/plugins\/nex-forms<\/div><div id=\"nf_save_form_progress\" style=\"display:none;\">false<\/div><div id=\"confirmation_page\" class=\"confirmation_page\" style=\"display:none;\"><\/div><div id=\"on_form_submmision\" class=\"on_form_submmision\" style=\"display:none;\">message<\/div><div class=\"hidden\" id=\"nf_ajax_url\" style=\"display:none;\">https:\/\/flotium.com\/wp-admin\/admin-ajax.php<\/div><div class=\"hidden\" id=\"paypal_return_url\" style=\"display:none;\">https:\/\/flotium.com\/wp-json\/wp\/v2\/pages\/263<\/div><div class=\"hidden\" id=\"ms_scroll_to_top\" style=\"display:none;\">yes<\/div><div class=\"v7_container form_type_normal   \" style=\"background: url('http:\/\/basixonline.net\/nex-forms-wordpress-form-builder-demo\/wp-content\/uploads\/2020\/06\/mailster-1.png') 50% 0% \/ auto repeat-x #f4f4f4;padding: 1px;border-radius: 13px;width: 109%\"><div class=\"current_field_on_focus\" style=\"display:none\">1<\/div><form id=\"2\" class=\"submit-nex-form nex-forms-2\" data-form-id=\"2\" name=\"nex_form\" action=\"https:\/\/flotium.com\/wp-admin\/admin-ajax.php\" method=\"post\" enctype=\"multipart\/form-data\"><div class=\"step_transition_in\" style=\"display:none;\">fadeIn<\/div><div class=\"step_transition_out\" style=\"display:none;\">fadeOut<\/div><input type=\"hidden\" name=\"nex_forms_Id\" value=\"2\"><input type=\"hidden\" name=\"page\" value=\"\/index.php\/wp-json\/wp\/v2\/pages\/263\"><input type=\"hidden\" name=\"ip\" value=\"216.73.216.249\"><input type=\"hidden\" name=\"nf_page_id\" value=\"263\"><input type=\"hidden\" name=\"nf_page_title\" value=\"Contacto\"><input type=\"text\" name=\"company_url\" value=\"\" placeholder=\"enter company url\" class=\"form-control req\">\n\t\t\t\t\t\t\t<div class=\"form_field hidden bootstrap_field\" id=\"_36455\">\n\t\t\t\t\t\t\t\t<input class=\"ms_current_step\" value=\"1\" name=\"ms_current_step\" type=\"hidden\" id=\"_36455__ms_current_step\">\n\t\t\t\t\t\t\t<\/div>\n\t\t\t\t\t\t\t<div class=\"grid-system-2 bootstrap_field is_grid\" id=\"_21998\" style=\"position: relative;left: 0px;top: 0px\"><div class=\"row grid_row\"><div class=\"grid_input_holder id-_21998 col-sm-6 grid-target-0\" data-grid-width=\"6\" data-grid-num=\"0\"><div class=\"form_field all_fields name preset_fields required bootstrap_field\" id=\"_19956\" style=\"position: relative;top: 0px\"><div class=\"row\"><div class=\"col-sm-12\" id=\"field_container\"><div class=\"row\"><div class=\"col-sm-12 label_container align_let\"><label class=\"nf_title \" for=\"input__19956\"><span class=\"the_label\" style=\"font-size: 14px;font-family: Roboto\">*Nombre<\/span><\/label><\/div><div class=\"col-sm-12  input_container\"><input type=\"text\" name=\"nombre\" class=\"error_message required form-control the_input_element aling_left\" data-onfocus-color=\"#66AFE9\" data-drop-focus-swadow=\"1\" data-placement=\"bottom\" data-content=\"Required\" title=\"\" data-secondary-message=\"\" style=\"font-family: Roboto\" id=\"input__19956\"><\/div><\/div><\/div><\/div><\/div><div class=\"form_field all_fields email email preset_fields required bootstrap_field\" id=\"_61682\" style=\"position: relative;top: 0px\"><div class=\"row\"><div class=\"col-sm-12\" id=\"field_container\"><div class=\"row\"><div class=\"col-sm-12 label_container align_let\"><label class=\"nf_title \" for=\"input__61682\"><span class=\"the_label\" style=\"font-size: 14px;font-family: Roboto\">*Correo eletronico <\/span><\/label><\/div><div class=\"col-sm-12  input_container\"><input type=\"text\" name=\"correo_eletronico_\" class=\"error_message required email form-control the_input_element aling_left\" data-onfocus-color=\"#66AFE9\" data-drop-focus-swadow=\"1\" data-placement=\"bottom\" data-content=\"Required\" title=\"\" data-secondary-message=\"Invalid email address\" style=\"font-family: Roboto\" id=\"input__61682\"><\/div><\/div><\/div><\/div><\/div><\/div><div class=\"grid_input_holder id-_21998 col-sm-6 grid-target-1\" data-grid-width=\"6\" data-grid-num=\"1\"><div class=\"form_field all_fields name preset_fields required bootstrap_field\" id=\"_22977\" style=\"position: relative;top: 0px;left: 0px;z-index: 100\"><div class=\"row\"><div class=\"col-sm-12\" id=\"field_container\"><div class=\"row\"><div class=\"col-sm-12 label_container align_let\"><label class=\"nf_title \" for=\"input__22977\"><span class=\"the_label\" style=\"font-size: 14px;font-family: Roboto\">*Apellido<\/span><\/label><\/div><div class=\"col-sm-12  input_container\"><input type=\"text\" name=\"apellido\" class=\"error_message required form-control the_input_element aling_left\" data-onfocus-color=\"#66AFE9\" data-drop-focus-swadow=\"1\" data-placement=\"bottom\" data-content=\"Required\" title=\"\" data-secondary-message=\"\" style=\"font-family: Roboto\" id=\"input__22977\"><\/div><\/div><\/div><\/div><\/div><div class=\"form_field all_fields name preset_fields required\" style=\"margin-bottom: 15px;position: relative;top: 0px\" id=\"_32235\"><div class=\"row\"><div class=\"col-sm-12\" id=\"field_container\"><div class=\"row\"><div class=\"label_container align_let align_left col-sm-12\"><label class=\"nf_title \" for=\"input__32235\"><span class=\"the_label\" style=\"font-size: 14px;color: #9e9e9e\">*Empresas<\/span><\/label><\/div><div class=\"input_container col-sm-12\"><input type=\"text\" name=\"empresas\" class=\"error_message required form-control the_input_element aling_left align_left\" data-onfocus-color=\"#66AFE9\" data-drop-focus-swadow=\"1\" data-placement=\"bottom\" data-content=\"Required\" title=\"\" data-secondary-message=\"\" data-text-transform=\"ucf\" style=\"font-size: 13px;color: #9e9e9e;background: white;border-color: #dddddd\" id=\"input__32235\"><\/div><\/div><\/div><\/div><\/div><\/div><\/div><\/div><div class=\"form_field all_fields Query preset_fields required has_prefix_icon bootstrap_field\" style=\"margin-bottom: 15px\" id=\"_76476\"><div class=\"row\"><div class=\"col-sm-12\" id=\"field_container\"><div class=\"row\"><div class=\"col-sm-12 label_container align_let align_left\"><label class=\"nf_title \" for=\"input__76476\"><span class=\"the_label\" style=\"font-size: 14px;color: #9e9e9e\">*comentarios<\/span><\/label><\/div><div class=\"col-sm-12  input_container\"><div class=\"input-group\"><span class=\"input-group-addon prefix\" style=\"color: #888888;background: white;border-color: #dddddd\"><span class=\"fa fa fa-comment\" style=\"font-size: 17px\"><\/span><\/span><textarea name=\"comentarios\" placeholder=\"\" data-maxlength-color=\"label label-success\" data-maxlength-position=\"bottom\" data-maxlength-show=\"false\" data-default-value=\"\" class=\"error_message required the_input_element textarea pre-format form-control aling_left align_left\" data-onfocus-color=\"#66AFE9\" data-drop-focus-swadow=\"1\" data-placement=\"bottom\" data-content=\"Required\" title=\"\" style=\"font-size: 13px;color: #9e9e9e;background: white;border-color: #dddddd\" id=\"input__76476\"><\/textarea><\/div><\/div><\/div><\/div><\/div><\/div><div class=\"form_field all_fields submit-button button_fields common_fields preset_fields special_fields selection_fields bootstrap_field\" id=\"_8834\"><div class=\"row\"><div class=\"col-sm-12\" id=\"field_container\" style=\"padding-top: 20px;padding-bottom: 20px\"><div class=\"row\"><div class=\"col-sm-12 input_container\"><button class=\"nex-submit svg_ready the_input_element btn btn-default col-sm-12\" style=\"color: #ffffff;background-color: #65c217;border-color: white;font-family: Roboto\">Enviar solicitud<\/button><\/div><\/div><\/div><\/div><\/div><link id=\"francois_one\" type=\"text\/css\" role=\"google-font-import\" rel=\"stylesheet\" href=\"https:\/\/fonts.googleapis.com\/css?family=Francois One\" class=\"\"><link id=\"roboto\" type=\"text\/css\" role=\"google-font-import\" rel=\"stylesheet\" href=\"https:\/\/fonts.googleapis.com\/css?family=Roboto\" class=\"\"><\/form><\/div><\/div><\/div><\/div><\/div><style type=\"text\/css\" class=\"nex-forms-custom-css\"><\/style><\/div>\n\t\t\t\t\t\t<\/div>\n\t\t\t\t\t<\/div>\n\t\t<\/div>\n\t\t\t\t<div class=\"has_ae_slider elementor-column elementor-col-50 elementor-top-column elementor-element elementor-element-5dbaf363 ae-bg-gallery-type-default\" data-id=\"5dbaf363\" data-element_type=\"column\">\n\t\t\t<div class=\"elementor-widget-wrap elementor-element-populated\">\n\t\t\t\t\t\t<div class=\"elementor-element elementor-element-c3a6326 elementor-widget elementor-widget-image\" data-id=\"c3a6326\" data-element_type=\"widget\" data-widget_type=\"image.default\">\n\t\t\t\t\t\t\t\t\t\t\t\t\t\t\t<img fetchpriority=\"high\" decoding=\"async\" width=\"780\" height=\"1000\" src=\"https:\/\/flotium.com\/wp-content\/uploads\/2025\/12\/usar-producto-2.png\" class=\"attachment-full size-full wp-image-136\" alt=\"\" srcset=\"https:\/\/flotium.com\/wp-content\/uploads\/2025\/12\/usar-producto-2.png 780w, https:\/\/flotium.com\/wp-content\/uploads\/2025\/12\/usar-producto-2-234x300.png 234w, https:\/\/flotium.com\/wp-content\/uploads\/2025\/12\/usar-producto-2-768x985.png 768w\" sizes=\"(max-width: 780px) 100vw, 780px\" \/>\t\t\t\t\t\t\t\t\t\t\t\t\t\t\t<\/div>\n\t\t\t\t\t<\/div>\n\t\t<\/div>\n\t\t\t\t\t<\/div>\n\t\t<\/section>\n\t\t\t\t<section class=\"has_ae_slider elementor-section elementor-top-section elementor-element elementor-element-7bea0829 elementor-section-stretched elementor-section-full_width elementor-hidden-desktop elementor-hidden-tablet elementor-hidden-phone elementor-section-height-default elementor-section-height-default ae-bg-gallery-type-default\" data-id=\"7bea0829\" data-element_type=\"section\" data-settings=\"{&quot;stretch_section&quot;:&quot;section-stretched&quot;}\">\n\t\t\t\t\t\t<div class=\"elementor-container elementor-column-gap-no\">\n\t\t\t\t\t<div class=\"has_ae_slider elementor-column elementor-col-100 elementor-top-column elementor-element elementor-element-1c49fcee ae-bg-gallery-type-default\" data-id=\"1c49fcee\" data-element_type=\"column\">\n\t\t\t<div class=\"elementor-widget-wrap elementor-element-populated\">\n\t\t\t\t\t\t<div class=\"elementor-element elementor-element-28bf18e0 elementor-widget elementor-widget-google_maps\" data-id=\"28bf18e0\" data-element_type=\"widget\" data-widget_type=\"google_maps.default\">\n\t\t\t\t\t\t\t<div class=\"elementor-custom-embed\">\n\t\t\t<iframe loading=\"lazy\"\n\t\t\t\t\tsrc=\"https:\/\/maps.google.com\/maps?q=London%20Eye%2C%20London%2C%20United%20Kingdom&#038;t=m&#038;z=10&#038;output=embed&#038;iwloc=near\"\n\t\t\t\t\ttitle=\"London Eye, London, United Kingdom\"\n\t\t\t\t\taria-label=\"London Eye, London, United Kingdom\"\n\t\t\t><\/iframe>\n\t\t<\/div>\n\t\t\t\t\t\t<\/div>\n\t\t\t\t\t<\/div>\n\t\t<\/div>\n\t\t\t\t\t<\/div>\n\t\t<\/section>\n\t\t\t\t<\/div>\n\t\t","protected":false},"excerpt":{"rendered":"<p>Contacto Optimiza la gesti\u00f3n de tu flota con Profleeti.Ahorra hasta un 20 % en tus costos operativos y mejora la eficiencia general de tu flota. Cont\u00e1ctanos Correo electr\u00f3nico contacto@flotium.com Tel\u00e9fono +1 (971) 435-107<\/p>\n","protected":false},"author":1,"featured_media":0,"parent":0,"menu_order":0,"comment_status":"closed","ping_status":"closed","template":"elementor_header_footer","meta":{"postBodyCss":"","postBodyMargin":[],"postBodyPadding":[],"postBodyBackground":{"backgroundType":"classic","gradient":""},"footnotes":""},"class_list":["post-263","page","type-page","status-publish","hentry"],"_links":{"self":[{"href":"https:\/\/flotium.com\/index.php\/wp-json\/wp\/v2\/pages\/263","targetHints":{"allow":["GET"]}}],"collection":[{"href":"https:\/\/flotium.com\/index.php\/wp-json\/wp\/v2\/pages"}],"about":[{"href":"https:\/\/flotium.com\/index.php\/wp-json\/wp\/v2\/types\/page"}],"author":[{"embeddable":true,"href":"https:\/\/flotium.com\/index.php\/wp-json\/wp\/v2\/users\/1"}],"replies":[{"embeddable":true,"href":"https:\/\/flotium.com\/index.php\/wp-json\/wp\/v2\/comments?post=263"}],"version-history":[{"count":49,"href":"https:\/\/flotium.com\/index.php\/wp-json\/wp\/v2\/pages\/263\/revisions"}],"predecessor-version":[{"id":1114,"href":"https:\/\/flotium.com\/index.php\/wp-json\/wp\/v2\/pages\/263\/revisions\/1114"}],"wp:attachment":[{"href":"https:\/\/flotium.com\/index.php\/wp-json\/wp\/v2\/media?parent=263"}],"curies":[{"name":"wp","href":"https:\/\/api.w.org\/{rel}","templated":true}]}}