{"id":339,"date":"2025-12-12T22:46:33","date_gmt":"2025-12-12T22:46:33","guid":{"rendered":"https:\/\/flotium.com\/?page_id=339"},"modified":"2026-01-07T04:47:02","modified_gmt":"2026-01-07T04:47:02","slug":"noticias","status":"publish","type":"page","link":"https:\/\/flotium.com\/index.php\/noticias\/","title":{"rendered":"Noticias"},"content":{"rendered":"\t\t<div data-elementor-type=\"wp-page\" data-elementor-id=\"339\" class=\"elementor elementor-339\">\n\t\t\t\t\t\t<section class=\"has_ae_slider elementor-section elementor-top-section elementor-element elementor-element-5dffb65 elementor-section-height-min-height elementor-section-boxed elementor-section-height-default elementor-section-items-middle ae-bg-gallery-type-default\" data-id=\"5dffb65\" data-element_type=\"section\" data-settings=\"{&quot;background_background&quot;:&quot;classic&quot;,&quot;background_image&quot;:{&quot;url&quot;:&quot;https:\\\/\\\/flotium.com\\\/wp-content\\\/uploads\\\/2025\\\/12\\\/banner-bg-1.jpg&quot;,&quot;id&quot;:265,&quot;size&quot;:&quot;&quot;}}\">\n\t\t\t\t\t\t\t<div class=\"elementor-background-overlay\"><\/div>\n\t\t\t\t\t\t\t<div class=\"elementor-container elementor-column-gap-default\">\n\t\t\t\t\t<div class=\"has_ae_slider elementor-column elementor-col-100 elementor-top-column elementor-element elementor-element-50af8ce ae-bg-gallery-type-default\" data-id=\"50af8ce\" data-element_type=\"column\">\n\t\t\t<div class=\"elementor-widget-wrap elementor-element-populated\">\n\t\t\t\t\t\t<div class=\"elementor-element elementor-element-d98e47a elementor-widget elementor-widget-elementskit-heading\" data-id=\"d98e47a\" data-element_type=\"widget\" data-widget_type=\"elementskit-heading.default\">\n\t\t\t\t\t<div class=\"ekit-wid-con\" ><div class=\"ekit-heading elementskit-section-title-wraper text_center   ekit_heading_tablet-text_center   ekit_heading_mobile-text_center\"><h2 class=\"ekit-heading--title elementskit-section-title \">Comunidad Flotium<\/h2><\/div><\/div>\t\t\t\t<\/div>\n\t\t\t\t\t<\/div>\n\t\t<\/div>\n\t\t\t\t\t<\/div>\n\t\t<\/section>\n\t\t<div class=\"has_ae_slider elementor-element elementor-element-3ba47a5 e-flex e-con-boxed ae-bg-gallery-type-default e-con e-parent\" data-id=\"3ba47a5\" data-element_type=\"container\">\n\t\t\t\t\t<div class=\"e-con-inner\">\n\t\t\t\t<div class=\"elementor-element elementor-element-bf5e4ea elementor-widget elementor-widget-elementskit-blog-posts\" data-id=\"bf5e4ea\" data-element_type=\"widget\" data-widget_type=\"elementskit-blog-posts.default\">\n\t\t\t\t\t<div class=\"ekit-wid-con\" >        <div id=\"post-items--bf5e4ea\" class=\"row post-items\">\n                    <div class=\"col-lg-4 col-md-6\">\n\n                                    <div class=\"elementskit-post-image-card\">\n                        <div class=\"elementskit-entry-header\">\n                            \n                            \n\t\t\t\t\t\t\t\t\t\t\t\t\t<\/div><!-- .elementskit-entry-header END -->\n\n\t\t\t\t\t\t<div class=\"elementskit-post-body \">\n\t\t\t\t\t\t\t\t\t\t\t\t\t\t\t\t\t\t\t\t<h2 class=\"entry-title\">\n\t\t\t\t\t<a href=\"https:\/\/flotium.com\/index.php\/2026\/01\/09\/hola\/\">\n\t\t\t\t\t\thola\t\t\t\t\t<\/a>\n\t\t\t\t<\/h2>\n\t\t\t\t\t\t\t\t\t\t\t\n\t\t\t\t\t\t\t\t\t\t\t\t\t\t\t\t\t\t\t\t\t\t\t\t\t\t\t\t<div class=\"post-meta-list\">\n\t\t\t\t\t\t\t\t\t\t\t\t\t\t\t\t\t\t\t\t\t\t\t\t<span class=\"meta-author\">\n\t\t\t\t\t\t\t\t\t\t\t\t\t\t\t\t\t\t\t\t\t<svg class=\"ekit-svg-icon icon-user\" viewBox=\"0 0 32 32\" xmlns=\"http:\/\/www.w3.org\/2000\/svg\"><path d=\"M15.2 17.6c-4.852 0-8.8-3.948-8.8-8.8s3.948-8.8 8.8-8.8 8.8 3.948 8.8 8.8-3.948 8.8-8.8 8.8zM15.2 1.6c-3.97 0-7.2 3.23-7.2 7.2s3.23 7.2 7.2 7.2c3.97 0 7.2-3.23 7.2-7.2s-3.23-7.2-7.2-7.2zM28 32h-25.6c-1.323 0-2.4-1.077-2.4-2.4 0-0.109 0.022-2.696 1.96-5.28 1.128-1.504 2.672-2.699 4.59-3.551 2.342-1.041 5.253-1.569 8.65-1.569s6.307 0.528 8.65 1.569c1.918 0.852 3.462 2.047 4.59 3.551 1.938 2.584 1.96 5.171 1.96 5.28 0 1.323-1.077 2.4-2.4 2.4zM15.2 20.8c-5.579 0-9.696 1.525-11.906 4.409-1.657 2.162-1.694 4.372-1.694 4.394 0 0.438 0.359 0.797 0.8 0.797h25.6c0.441 0 0.8-0.359 0.8-0.8-0-0.019-0.037-2.229-1.694-4.391-2.21-2.884-6.328-4.409-11.906-4.409z\"><\/path><\/svg>\t\t\t\t\t\t\t\t\t\t\t\t\t\t\t\t\t\t\t\t<a href=\"https:\/\/flotium.com\/index.php\/author\/admin\/\" class=\"author-name\">admin<\/a>\n\t\t\t\t\t\t\t\t\t<\/span>\n\t\t\t\t\t\t\t\t\t\t\t\t\t\t\t\t\t\t\t\t\t\t\t\t\t\t\t\t\t\t\t\t\t\t\t\t\t\t\t\t\t\t\t\t\t\t\t\t\t\t\t\t\t\t\t\t\t\t\t\t\t\t\t\t\t\t\t\t\t\t\t\t<span class=\"post-cat\">\n\t\t\t\t\t\t\t\t\t\t<svg class=\"ekit-svg-icon icon-folder\" viewBox=\"0 0 32 32\" xmlns=\"http:\/\/www.w3.org\/2000\/svg\"><path d=\"M30.661 11.867h-1.861v-3.343c0-0.804-0.654-1.457-1.457-1.457h-13.202l-2.667-3.733h-10.018c-0.803 0-1.457 0.654-1.457 1.457v23.3h0.003c-0.003 0.3 0.091 0.594 0.278 0.84 0.261 0.341 0.657 0.537 1.086 0.537h23.871c0.617 0 1.159-0.415 1.307-0.967l5.454-14.954v-0.094c0-0.918-0.563-1.585-1.339-1.585zM1.067 4.79c0-0.215 0.175-0.39 0.39-0.39h9.468l2.667 3.733h13.75c0.215 0 0.39 0.175 0.39 0.39v3.343h-20.943c-0.077 0-0.153 0.006-0.227 0.019-0.519 0.087-0.95 0.466-1.079 0.947l-4.417 12.046v-20.089zM25.53 28.178c-0.035 0.131-0.155 0.222-0.291 0.222h-23.871c-0.13 0-0.205-0.074-0.239-0.118s-0.085-0.137-0.066-0.218l5.435-14.908c0.035-0.131 0.155-0.222 0.291-0.222h23.872c0.203 0 0.254 0.291 0.268 0.437l-5.399 14.807z\"><\/path><\/svg>\t\t\t\t\t\t\t\t\t\t<a href=\"https:\/\/flotium.com\/index.php\/category\/uncategorized\/\" rel=\"category tag\">Uncategorized<\/a>\t\t\t\t\t\t\t\t\t<\/span>\n\t\t\t\t\t\t\t\t\t\t\t\t\t\t\t\t\t\t\t\t\t\t\t\t\t\t\t\t\t<\/div>\n\t\t\t\t\t\t\t\t\t\t\t\t\t\n\t\t\t\t\t\t\t\t\n\t\t\t\t\t\t\t\t\t\t\t\t\t\t\t\t\t\t\t\t\t\t\t\t\t\t\t\t\t\t\t\t\t\t\t\t\t\t\t<p>hola buenos dias dla<\/p>\n\t\t\t\t\t\t\t\t\t\t\t\t\t\t\t\t\t\t\t\t\t\t                                                            <div class=\"btn-wraper\">\n                                    \n                                                                            <a class=\"elementskit-btn whitespace--normal\" id=\"\" href=\"https:\/\/flotium.com\/index.php\/2026\/01\/09\/hola\/\">\n                                        \t                                            Ver m\u00e1s                                        <\/a>\n                                                                    <\/div>\n                                                    <\/div><!-- .elementskit-post-body END -->\n                    <\/div>\n                \n            <\/div>\n                    <div class=\"col-lg-4 col-md-6\">\n\n                                    <div class=\"elementskit-post-image-card\">\n                        <div class=\"elementskit-entry-header\">\n                                                            <a href=\"https:\/\/flotium.com\/index.php\/2025\/12\/12\/implementa-automatizacion\/\" class=\"elementskit-entry-thumb\">\n                                    <img decoding=\"async\" src=\"https:\/\/flotium.com\/wp-content\/uploads\/2025\/12\/659c9a73c39d516f303a1cf8_workflows-automation.png\" alt=\"Implementa Automatizaci\u00f3n\">\n                                <\/a><!-- .elementskit-entry-thumb END -->\n                                                            \n                            \n\t\t\t\t\t\t\t\t\t\t\t\t\t<\/div><!-- .elementskit-entry-header END -->\n\n\t\t\t\t\t\t<div class=\"elementskit-post-body \">\n\t\t\t\t\t\t\t\t\t\t\t\t\t\t\t\t\t\t\t\t<h2 class=\"entry-title\">\n\t\t\t\t\t<a href=\"https:\/\/flotium.com\/index.php\/2025\/12\/12\/implementa-automatizacion\/\">\n\t\t\t\t\t\tImplementa Automatizaci\u00f3n\t\t\t\t\t<\/a>\n\t\t\t\t<\/h2>\n\t\t\t\t\t\t\t\t\t\t\t\n\t\t\t\t\t\t\t\t\t\t\t\t\t\t\t\t\t\t\t\t\t\t\t\t\t\t\t\t<div class=\"post-meta-list\">\n\t\t\t\t\t\t\t\t\t\t\t\t\t\t\t\t\t\t\t\t\t\t\t\t<span class=\"meta-author\">\n\t\t\t\t\t\t\t\t\t\t\t\t\t\t\t\t\t\t\t\t\t<svg class=\"ekit-svg-icon icon-user\" viewBox=\"0 0 32 32\" xmlns=\"http:\/\/www.w3.org\/2000\/svg\"><path d=\"M15.2 17.6c-4.852 0-8.8-3.948-8.8-8.8s3.948-8.8 8.8-8.8 8.8 3.948 8.8 8.8-3.948 8.8-8.8 8.8zM15.2 1.6c-3.97 0-7.2 3.23-7.2 7.2s3.23 7.2 7.2 7.2c3.97 0 7.2-3.23 7.2-7.2s-3.23-7.2-7.2-7.2zM28 32h-25.6c-1.323 0-2.4-1.077-2.4-2.4 0-0.109 0.022-2.696 1.96-5.28 1.128-1.504 2.672-2.699 4.59-3.551 2.342-1.041 5.253-1.569 8.65-1.569s6.307 0.528 8.65 1.569c1.918 0.852 3.462 2.047 4.59 3.551 1.938 2.584 1.96 5.171 1.96 5.28 0 1.323-1.077 2.4-2.4 2.4zM15.2 20.8c-5.579 0-9.696 1.525-11.906 4.409-1.657 2.162-1.694 4.372-1.694 4.394 0 0.438 0.359 0.797 0.8 0.797h25.6c0.441 0 0.8-0.359 0.8-0.8-0-0.019-0.037-2.229-1.694-4.391-2.21-2.884-6.328-4.409-11.906-4.409z\"><\/path><\/svg>\t\t\t\t\t\t\t\t\t\t\t\t\t\t\t\t\t\t\t\t<a href=\"https:\/\/flotium.com\/index.php\/author\/admin\/\" class=\"author-name\">admin<\/a>\n\t\t\t\t\t\t\t\t\t<\/span>\n\t\t\t\t\t\t\t\t\t\t\t\t\t\t\t\t\t\t\t\t\t\t\t\t\t\t\t\t\t\t\t\t\t\t\t\t\t\t\t\t\t\t\t\t\t\t\t\t\t\t\t\t\t\t\t\t\t\t\t\t\t\t\t\t\t\t\t\t\t\t\t\t<span class=\"post-cat\">\n\t\t\t\t\t\t\t\t\t\t<svg class=\"ekit-svg-icon icon-folder\" viewBox=\"0 0 32 32\" xmlns=\"http:\/\/www.w3.org\/2000\/svg\"><path d=\"M30.661 11.867h-1.861v-3.343c0-0.804-0.654-1.457-1.457-1.457h-13.202l-2.667-3.733h-10.018c-0.803 0-1.457 0.654-1.457 1.457v23.3h0.003c-0.003 0.3 0.091 0.594 0.278 0.84 0.261 0.341 0.657 0.537 1.086 0.537h23.871c0.617 0 1.159-0.415 1.307-0.967l5.454-14.954v-0.094c0-0.918-0.563-1.585-1.339-1.585zM1.067 4.79c0-0.215 0.175-0.39 0.39-0.39h9.468l2.667 3.733h13.75c0.215 0 0.39 0.175 0.39 0.39v3.343h-20.943c-0.077 0-0.153 0.006-0.227 0.019-0.519 0.087-0.95 0.466-1.079 0.947l-4.417 12.046v-20.089zM25.53 28.178c-0.035 0.131-0.155 0.222-0.291 0.222h-23.871c-0.13 0-0.205-0.074-0.239-0.118s-0.085-0.137-0.066-0.218l5.435-14.908c0.035-0.131 0.155-0.222 0.291-0.222h23.872c0.203 0 0.254 0.291 0.268 0.437l-5.399 14.807z\"><\/path><\/svg>\t\t\t\t\t\t\t\t\t\t<a href=\"https:\/\/flotium.com\/index.php\/category\/uncategorized\/\" rel=\"category tag\">Uncategorized<\/a>\t\t\t\t\t\t\t\t\t<\/span>\n\t\t\t\t\t\t\t\t\t\t\t\t\t\t\t\t\t\t\t\t\t\t\t\t\t\t\t\t\t<\/div>\n\t\t\t\t\t\t\t\t\t\t\t\t\t\n\t\t\t\t\t\t\t\t\n\t\t\t\t\t\t\t\t\t\t\t\t\t\t\t\t\t\t\t\t\t\t\t\t\t\t\t\t\t\t\t\t\t\t\t\t\t\t\t<p>La automatizaci\u00f3n te ayuda a ahorrar tiempo y mejorar la precisi\u00f3n de tus procesos. Ejemplos: Respuestas autom\u00e1ticas para clientes Env\u00edo de correos autom\u00e1ticos Seguimiento de leads Esto te permite enfocarte en tareas m\u00e1s importantes y estrat\u00e9gicas.<\/p>\n\t\t\t\t\t\t\t\t\t\t\t\t\t\t\t\t\t\t\t\t\t\t                                                            <div class=\"btn-wraper\">\n                                    \n                                                                            <a class=\"elementskit-btn whitespace--normal\" id=\"\" href=\"https:\/\/flotium.com\/index.php\/2025\/12\/12\/implementa-automatizacion\/\">\n                                        \t                                            Ver m\u00e1s                                        <\/a>\n                                                                    <\/div>\n                                                    <\/div><!-- .elementskit-post-body END -->\n                    <\/div>\n                \n            <\/div>\n                    <div class=\"col-lg-4 col-md-6\">\n\n                                    <div class=\"elementskit-post-image-card\">\n                        <div class=\"elementskit-entry-header\">\n                                                            <a href=\"https:\/\/flotium.com\/index.php\/2025\/12\/12\/aprovecha-las-redes-sociales\/\" class=\"elementskit-entry-thumb\">\n                                    <img decoding=\"async\" src=\"https:\/\/flotium.com\/wp-content\/uploads\/2025\/12\/descargar.webp\" alt=\"Aprovecha las Redes Sociales\">\n                                <\/a><!-- .elementskit-entry-thumb END -->\n                                                            \n                            \n\t\t\t\t\t\t\t\t\t\t\t\t\t<\/div><!-- .elementskit-entry-header END -->\n\n\t\t\t\t\t\t<div class=\"elementskit-post-body \">\n\t\t\t\t\t\t\t\t\t\t\t\t\t\t\t\t\t\t\t\t<h2 class=\"entry-title\">\n\t\t\t\t\t<a href=\"https:\/\/flotium.com\/index.php\/2025\/12\/12\/aprovecha-las-redes-sociales\/\">\n\t\t\t\t\t\tAprovecha las Redes Sociales\t\t\t\t\t<\/a>\n\t\t\t\t<\/h2>\n\t\t\t\t\t\t\t\t\t\t\t\n\t\t\t\t\t\t\t\t\t\t\t\t\t\t\t\t\t\t\t\t\t\t\t\t\t\t\t\t<div class=\"post-meta-list\">\n\t\t\t\t\t\t\t\t\t\t\t\t\t\t\t\t\t\t\t\t\t\t\t\t<span class=\"meta-author\">\n\t\t\t\t\t\t\t\t\t\t\t\t\t\t\t\t\t\t\t\t\t<svg class=\"ekit-svg-icon icon-user\" viewBox=\"0 0 32 32\" xmlns=\"http:\/\/www.w3.org\/2000\/svg\"><path d=\"M15.2 17.6c-4.852 0-8.8-3.948-8.8-8.8s3.948-8.8 8.8-8.8 8.8 3.948 8.8 8.8-3.948 8.8-8.8 8.8zM15.2 1.6c-3.97 0-7.2 3.23-7.2 7.2s3.23 7.2 7.2 7.2c3.97 0 7.2-3.23 7.2-7.2s-3.23-7.2-7.2-7.2zM28 32h-25.6c-1.323 0-2.4-1.077-2.4-2.4 0-0.109 0.022-2.696 1.96-5.28 1.128-1.504 2.672-2.699 4.59-3.551 2.342-1.041 5.253-1.569 8.65-1.569s6.307 0.528 8.65 1.569c1.918 0.852 3.462 2.047 4.59 3.551 1.938 2.584 1.96 5.171 1.96 5.28 0 1.323-1.077 2.4-2.4 2.4zM15.2 20.8c-5.579 0-9.696 1.525-11.906 4.409-1.657 2.162-1.694 4.372-1.694 4.394 0 0.438 0.359 0.797 0.8 0.797h25.6c0.441 0 0.8-0.359 0.8-0.8-0-0.019-0.037-2.229-1.694-4.391-2.21-2.884-6.328-4.409-11.906-4.409z\"><\/path><\/svg>\t\t\t\t\t\t\t\t\t\t\t\t\t\t\t\t\t\t\t\t<a href=\"https:\/\/flotium.com\/index.php\/author\/admin\/\" class=\"author-name\">admin<\/a>\n\t\t\t\t\t\t\t\t\t<\/span>\n\t\t\t\t\t\t\t\t\t\t\t\t\t\t\t\t\t\t\t\t\t\t\t\t\t\t\t\t\t\t\t\t\t\t\t\t\t\t\t\t\t\t\t\t\t\t\t\t\t\t\t\t\t\t\t\t\t\t\t\t\t\t\t\t\t\t\t\t\t\t\t\t<span class=\"post-cat\">\n\t\t\t\t\t\t\t\t\t\t<svg class=\"ekit-svg-icon icon-folder\" viewBox=\"0 0 32 32\" xmlns=\"http:\/\/www.w3.org\/2000\/svg\"><path d=\"M30.661 11.867h-1.861v-3.343c0-0.804-0.654-1.457-1.457-1.457h-13.202l-2.667-3.733h-10.018c-0.803 0-1.457 0.654-1.457 1.457v23.3h0.003c-0.003 0.3 0.091 0.594 0.278 0.84 0.261 0.341 0.657 0.537 1.086 0.537h23.871c0.617 0 1.159-0.415 1.307-0.967l5.454-14.954v-0.094c0-0.918-0.563-1.585-1.339-1.585zM1.067 4.79c0-0.215 0.175-0.39 0.39-0.39h9.468l2.667 3.733h13.75c0.215 0 0.39 0.175 0.39 0.39v3.343h-20.943c-0.077 0-0.153 0.006-0.227 0.019-0.519 0.087-0.95 0.466-1.079 0.947l-4.417 12.046v-20.089zM25.53 28.178c-0.035 0.131-0.155 0.222-0.291 0.222h-23.871c-0.13 0-0.205-0.074-0.239-0.118s-0.085-0.137-0.066-0.218l5.435-14.908c0.035-0.131 0.155-0.222 0.291-0.222h23.872c0.203 0 0.254 0.291 0.268 0.437l-5.399 14.807z\"><\/path><\/svg>\t\t\t\t\t\t\t\t\t\t<a href=\"https:\/\/flotium.com\/index.php\/category\/uncategorized\/\" rel=\"category tag\">Uncategorized<\/a>\t\t\t\t\t\t\t\t\t<\/span>\n\t\t\t\t\t\t\t\t\t\t\t\t\t\t\t\t\t\t\t\t\t\t\t\t\t\t\t\t\t<\/div>\n\t\t\t\t\t\t\t\t\t\t\t\t\t\n\t\t\t\t\t\t\t\t\n\t\t\t\t\t\t\t\t\t\t\t\t\t\t\t\t\t\t\t\t\t\t\t\t\t\t\t\t\t\t\t\t\t\t\t\t\t\t\t<p>Las redes sociales siguen siendo un canal poderoso para atraer clientes y generar comunidad. Lo importante es ser constante y ofrecer contenido atractivo. Recomendaci\u00f3n: Crea un calendario de publicaciones para organizarte mejor.<\/p>\n\t\t\t\t\t\t\t\t\t\t\t\t\t\t\t\t\t\t\t\t\t\t                                                            <div class=\"btn-wraper\">\n                                    \n                                                                            <a class=\"elementskit-btn whitespace--normal\" id=\"\" href=\"https:\/\/flotium.com\/index.php\/2025\/12\/12\/aprovecha-las-redes-sociales\/\">\n                                        \t                                            Ver m\u00e1s                                        <\/a>\n                                                                    <\/div>\n                                                    <\/div><!-- .elementskit-post-body END -->\n                    <\/div>\n                \n            <\/div>\n                <\/div>\n       <\/div>\t\t\t\t<\/div>\n\t\t\t\t\t<\/div>\n\t\t\t\t<\/div>\n\t\t\t\t<\/div>\n\t\t","protected":false},"excerpt":{"rendered":"<p>Comunidad Flotium Implementa Automatizaci\u00f3n admin Uncategorized La automatizaci\u00f3n te ayuda a ahorrar tiempo y mejorar la precisi\u00f3n de tus procesos. Ejemplos: Respuestas autom\u00e1ticas para clientes Env\u00edo de correos autom\u00e1ticos Seguimiento de leads Esto te permite enfocarte en tareas m\u00e1s importantes y estrat\u00e9gicas. Ver m\u00e1s Aprovecha las Redes Sociales admin Uncategorized Las redes sociales siguen siendo [&hellip;]<\/p>\n","protected":false},"author":1,"featured_media":0,"parent":0,"menu_order":0,"comment_status":"closed","ping_status":"closed","template":"elementor_header_footer","meta":{"postBodyCss":"","postBodyMargin":[],"postBodyPadding":[],"postBodyBackground":{"backgroundType":"classic","gradient":""},"footnotes":""},"class_list":["post-339","page","type-page","status-publish","hentry"],"_links":{"self":[{"href":"https:\/\/flotium.com\/index.php\/wp-json\/wp\/v2\/pages\/339","targetHints":{"allow":["GET"]}}],"collection":[{"href":"https:\/\/flotium.com\/index.php\/wp-json\/wp\/v2\/pages"}],"about":[{"href":"https:\/\/flotium.com\/index.php\/wp-json\/wp\/v2\/types\/page"}],"author":[{"embeddable":true,"href":"https:\/\/flotium.com\/index.php\/wp-json\/wp\/v2\/users\/1"}],"replies":[{"embeddable":true,"href":"https:\/\/flotium.com\/index.php\/wp-json\/wp\/v2\/comments?post=339"}],"version-history":[{"count":20,"href":"https:\/\/flotium.com\/index.php\/wp-json\/wp\/v2\/pages\/339\/revisions"}],"predecessor-version":[{"id":960,"href":"https:\/\/flotium.com\/index.php\/wp-json\/wp\/v2\/pages\/339\/revisions\/960"}],"wp:attachment":[{"href":"https:\/\/flotium.com\/index.php\/wp-json\/wp\/v2\/media?parent=339"}],"curies":[{"name":"wp","href":"https:\/\/api.w.org\/{rel}","templated":true}]}}